{"id":22,"date":"2020-11-19T18:21:29","date_gmt":"2020-11-19T17:21:29","guid":{"rendered":"https:\/\/arqueologiai.de\/es\/dzehkabtun\/"},"modified":"2022-05-30T15:19:03","modified_gmt":"2022-05-30T13:19:03","slug":"dzk","status":"publish","type":"page","link":"https:\/\/arqueologiai.de\/es\/dzk\/","title":{"rendered":"Dzehkabt\u00fan"},"content":{"rendered":"<div id='full_slider_1'  class='avia-fullwidth-slider main_color avia-shadow   avia-builder-el-0  el_before_av_hr  avia-builder-el-first   container_wrap sidebar_right' style=' '  ><div   data-size='no scaling'  data-lightbox_size='large'  data-animation='slide'  data-conditional_play=''  data-ids='462'  data-video_counter='0'  data-autoplay='false'  data-bg_slider='false'  data-slide_height=''  data-handle='av_slideshow_full'  data-interval='5'  data-class=' '  data-el_id=''  data-css_id=''  data-scroll_down=''  data-control_layout='av-control-default'  data-custom_markup=''  data-perma_caption=''  data-autoplay_stopper=''  data-image_attachment=''  data-min_height='0px'  data-lazy_loading='disabled'  data-src=''  data-position='top left'  data-repeat='no-repeat'  data-attach='scroll'  data-stretch=''  class='avia-slideshow avia-slideshow-1  av-control-default av-default-height-applied avia-slideshow-no scaling av_slideshow_full   avia-slide-slider '  itemprop=\"image\" itemscope=\"itemscope\" itemtype=\"https:\/\/schema.org\/ImageObject\" ><ul class='avia-slideshow-inner ' style='padding-bottom: 20%;' ><li  class=' av-single-slide slide-1 ' ><div data-rel='slideshow-1' class='avia-slide-wrap '   ><img decoding=\"async\" class=\"wp-image-462 avia-img-lazy-loading-not-462\"  src=\"https:\/\/arqueologiai.de\/es\/wp-content\/uploads\/sites\/2\/2020\/11\/header0.jpg\" width=\"1000\" height=\"200\" title='header0' alt=''  itemprop=\"thumbnailUrl\" srcset=\"https:\/\/arqueologiai.de\/es\/wp-content\/uploads\/sites\/2\/2020\/11\/header0.jpg 1000w, https:\/\/arqueologiai.de\/es\/wp-content\/uploads\/sites\/2\/2020\/11\/header0-300x60.jpg 300w, https:\/\/arqueologiai.de\/es\/wp-content\/uploads\/sites\/2\/2020\/11\/header0-768x154.jpg 768w, https:\/\/arqueologiai.de\/es\/wp-content\/uploads\/sites\/2\/2020\/11\/header0-705x141.jpg 705w\" sizes=\"(max-width: 1000px) 100vw, 1000px\" \/><\/div><\/li><\/ul><\/div><\/div><div id='after_full_slider_1'  class='main_color av_default_container_wrap container_wrap sidebar_right' style=' '  ><div class='container' ><div class='template-page content  av-content-small alpha units'><div class='post-entry post-entry-type-page post-entry-22'><div class='entry-content-wrapper clearfix'>\n<div  style='height:1px; margin-top:-30px'  class='hr hr-invisible   avia-builder-el-1  el_after_av_slideshow_full  el_before_av_three_fourth  avia-builder-el-first '><span class='hr-inner ' ><span class='hr-inner-style'><\/span><\/span><\/div>\n<div class=\"flex_column av_three_fourth  flex_column_div av-zero-column-padding first  avia-builder-el-2  el_after_av_hr  el_before_av_one_fourth  \" style='border-radius:0px; '><\/div>\n<div class=\"flex_column av_one_fourth  flex_column_div   avia-builder-el-3  el_after_av_three_fourth  el_before_av_one_full  \" style='padding:0px 0px 0px 0px ; border-radius:0px; '><div  class='avia-builder-widget-area clearfix  avia-builder-el-4  avia-builder-el-no-sibling '><a href=\"https:\/\/arqueologiai.de\/es\/dzk\/\" title=\" \/ espa\u00f1ol \" class=\"current_language\" aria-current=\"page\"> \/ espa\u00f1ol <\/a><\/div><\/div>\n<div class=\"flex_column av_one_full  flex_column_div av-zero-column-padding first  avia-builder-el-5  el_after_av_one_fourth  avia-builder-el-last  column-top-margin\" style='border-radius:0px; '><section class=\"av_textblock_section \"  itemscope=\"itemscope\" itemtype=\"https:\/\/schema.org\/CreativeWork\" ><div class='avia_textblock  '   itemprop=\"text\" ><h2>Dzehkabt\u00fan<\/h2>\n<h3>El sitio<\/h3>\n<p><a href=\"https:\/\/arqueologiai.de\/es\/wp-content\/uploads\/sites\/2\/2020\/11\/yucatan-dzk.jpg\"><img loading=\"lazy\" decoding=\"async\" class=\"alignleft wp-image-526\" src=\"https:\/\/arqueologiai.de\/es\/wp-content\/uploads\/sites\/2\/2020\/11\/yucatan-dzk.jpg\" alt=\"\" width=\"141\" height=\"173\" srcset=\"https:\/\/arqueologiai.de\/es\/wp-content\/uploads\/sites\/2\/2020\/11\/yucatan-dzk.jpg 1345w, https:\/\/arqueologiai.de\/es\/wp-content\/uploads\/sites\/2\/2020\/11\/yucatan-dzk-245x300.jpg 245w, https:\/\/arqueologiai.de\/es\/wp-content\/uploads\/sites\/2\/2020\/11\/yucatan-dzk-842x1030.jpg 842w, https:\/\/arqueologiai.de\/es\/wp-content\/uploads\/sites\/2\/2020\/11\/yucatan-dzk-768x940.jpg 768w, https:\/\/arqueologiai.de\/es\/wp-content\/uploads\/sites\/2\/2020\/11\/yucatan-dzk-1255x1536.jpg 1255w, https:\/\/arqueologiai.de\/es\/wp-content\/uploads\/sites\/2\/2020\/11\/yucatan-dzk-1226x1500.jpg 1226w, https:\/\/arqueologiai.de\/es\/wp-content\/uploads\/sites\/2\/2020\/11\/yucatan-dzk-576x705.jpg 576w\" sizes=\"auto, (max-width: 141px) 100vw, 141px\" \/><\/a>El sitio arqueol\u00f3gico de Dzehkabt\u00fan est\u00e1 situado en el Estado de Campeche, M\u00e9xico, a unos ocho kil\u00f3metros al suroeste de la actual cabecera municipal de Hopelch\u00e9n, en el territorio de la ex-hacienda Holcatz\u00edn. Hoy en d\u00eda est\u00e1 severamente da\u00f1ado por el robo intensivo de piedras. Los edificios que a\u00fan se pueden ver en el centro del sitio est\u00e1n situados en una zona que se inclina ligeramente hacia el sudeste y est\u00e1 dominada por dos pir\u00e1mides de 16 y 14 metros de altura, rodeadas de un conjunto denso de edificios de car\u00e1cter predominantemente representativo. El asentamiento circundante cubre una superficie de al menos cinco kil\u00f3metros cuadrados.<\/p>\n<p>Las investigaciones realizadas en el marco del proyecto patrocinado por la Fundaci\u00f3n Cient\u00edfica Alemana (DFG) de 2012 a 2018 demostraron que Dzehkabt\u00fan estuvo poblado desde el Precl\u00e1sico Medio hasta el Cl\u00e1sico Final Tard\u00edo a m\u00e1s tardar. La arquitectura del centro representativo del sitio, que ahora est\u00e1 en gran parte destruida (antes rica en edificios abovedados, fachadas elaboradas y monumentos) combina elementos de la arquitectura Puuc y Chenes del Cl\u00e1sico maya con caracter\u00edsticas regionales en clara referencia al sitio de Santa Rosa Xtampak, que est\u00e1 situado a unos 35 kil\u00f3metros al este y tuvo una importancia suprarregional durante el Cl\u00e1sico Tard\u00edo y Terminal.<\/p>\n<p>Dzehkabt\u00fan estaba situado en la periferia de los centros de poder prehisp\u00e1nicos de la pen\u00ednsula de Yucat\u00e1n, en una zona de transici\u00f3n entre dos regiones de estilo arquitect\u00f3nico (Puuc y Chenes) cuyas implicaciones pol\u00edticas y socioculturales todav\u00eda son en gran medida desconocidas, como ya lo destac\u00f3 George F. Andrews en los a\u00f1os de 1980. El concepto de regiones de estilo homog\u00e9neo basado en una tipolog\u00eda de rasgos arquitect\u00f3nicos y decoraci\u00f3n de fachadas, que caracteriz\u00f3 a la arqueolog\u00eda maya en la pen\u00ednsula de Yucat\u00e1n hasta la d\u00e9cada de 2000, ya no es sostenible hoy en d\u00eda. Sin embargo, a\u00fan queda por aclarar qu\u00e9 factores estuvieron en el fondo de las diferentes caracter\u00edsticas arquitect\u00f3nicas. Las fachadas de los edificios representativos de Dzehkabt\u00fan, que hoy en d\u00eda est\u00e1n en gran parte destruidas, mostraban caracter\u00edsticas de ambos estilos adem\u00e1s de ciertas peculiaridades locales. En el centro del sitio, varios edificios hab\u00edan quedado sin terminar: un fen\u00f3meno que a menudo se puede observar al final del per\u00edodo cl\u00e1sico en Yucat\u00e1n.<\/p>\n<p>Adem\u00e1s de un notable corpus de esculturas y monumentos tard\u00edos, el hallazgo de una masiva y extensa actividad constructora en el Epicl\u00e1sico fue particularmente sorprendentes aqu\u00ed: grupos enteros de patios en el centro del sitio fueron remodelados y cubiertos con edificios hechos de paredes bajos de desplante, a menudo reutilizando piedras de fachadas antiguas. Estos edificios tard\u00edos difieren en su construcci\u00f3n y concepci\u00f3n espacial de las comparativamente bien documentadas &#8220;estructuras en forma de C&#8221; en la zona vecina del Puuc. Deben investigarse para poder situar en un contexto regional m\u00e1s amplio las cuestiones de continuidad desde el per\u00edodo cl\u00e1sico, la estructura sociopol\u00edtica y las razones del abandono de este asentamiento, as\u00ed como de los centros vecinos de la pen\u00ednsula central de Yucat\u00e1n.<\/p>\n<h5><\/h5>\n<hr \/>\n<h5>Patrocinador<\/h5>\n<p><span class=\"rechts\"><img loading=\"lazy\" decoding=\"async\" class=\"alignleft\" src=\"https:\/\/arqueologiai.de\/wp-content\/uploads\/2020\/11\/dfg-logo-1.jpg\" alt=\"Logo der DFG\" width=\"69\" height=\"24\" border=\"0\" \/> <\/span>El proyecto fue financiado por la Fundaci\u00f3n Cient\u00edfica Alemana bajo el t\u00edtulo &#8220;Cl\u00e1sico Terminal y Epicl\u00e1sico en el norte de Campeche: continuidades y cambios&#8221;.<\/p>\n<h5><\/h5>\n<hr \/>\n<p><strong>Direcci\u00f3n<br \/>\n<\/strong>Dr. Iken Paap (IAI &#8211; Berl\u00edn)<br \/>\nDr. Antonio Benavides Castillo (INAH Campeche).<\/p>\n<\/div><\/section><\/div>\n","protected":false},"excerpt":{"rendered":"","protected":false},"author":1,"featured_media":0,"parent":0,"menu_order":0,"comment_status":"closed","ping_status":"closed","template":"","meta":{"footnotes":""},"class_list":["post-22","page","type-page","status-publish","hentry"],"_links":{"self":[{"href":"https:\/\/arqueologiai.de\/es\/wp-json\/wp\/v2\/pages\/22","targetHints":{"allow":["GET"]}}],"collection":[{"href":"https:\/\/arqueologiai.de\/es\/wp-json\/wp\/v2\/pages"}],"about":[{"href":"https:\/\/arqueologiai.de\/es\/wp-json\/wp\/v2\/types\/page"}],"author":[{"embeddable":true,"href":"https:\/\/arqueologiai.de\/es\/wp-json\/wp\/v2\/users\/1"}],"replies":[{"embeddable":true,"href":"https:\/\/arqueologiai.de\/es\/wp-json\/wp\/v2\/comments?post=22"}],"version-history":[{"count":43,"href":"https:\/\/arqueologiai.de\/es\/wp-json\/wp\/v2\/pages\/22\/revisions"}],"predecessor-version":[{"id":848,"href":"https:\/\/arqueologiai.de\/es\/wp-json\/wp\/v2\/pages\/22\/revisions\/848"}],"wp:attachment":[{"href":"https:\/\/arqueologiai.de\/es\/wp-json\/wp\/v2\/media?parent=22"}],"curies":[{"name":"wp","href":"https:\/\/api.w.org\/{rel}","templated":true}]}}