{"id":415,"date":"2020-11-22T17:57:18","date_gmt":"2020-11-22T16:57:18","guid":{"rendered":"https:\/\/arqueologiai.de\/es\/srx\/"},"modified":"2025-02-26T10:05:01","modified_gmt":"2025-02-26T09:05:01","slug":"srx","status":"publish","type":"page","link":"https:\/\/arqueologiai.de\/es\/srx\/","title":{"rendered":"SRX"},"content":{"rendered":"<div id='full_slider_1'  class='avia-fullwidth-slider main_color avia-shadow   avia-builder-el-0  el_before_av_hr  avia-builder-el-first   container_wrap sidebar_right' style=' '  ><div   data-size='no scaling'  data-lightbox_size='large'  data-animation='slide'  data-conditional_play=''  data-ids='544'  data-video_counter='0'  data-autoplay='false'  data-bg_slider='false'  data-slide_height=''  data-handle='av_slideshow_full'  data-interval='5'  data-class=' '  data-el_id=''  data-css_id=''  data-scroll_down=''  data-control_layout='av-control-default'  data-custom_markup=''  data-perma_caption=''  data-autoplay_stopper=''  data-image_attachment=''  data-min_height='0px'  data-lazy_loading='disabled'  data-src=''  data-position='top left'  data-repeat='no-repeat'  data-attach='scroll'  data-stretch=''  class='avia-slideshow avia-slideshow-1  av-control-default av-default-height-applied avia-slideshow-no scaling av_slideshow_full   avia-slide-slider '  itemprop=\"image\" itemscope=\"itemscope\" itemtype=\"https:\/\/schema.org\/ImageObject\" ><ul class='avia-slideshow-inner ' style='padding-bottom: 20%;' ><li  class=' av-single-slide slide-1 ' ><div data-rel='slideshow-1' class='avia-slide-wrap '   ><img decoding=\"async\" class=\"wp-image-544 avia-img-lazy-loading-not-544\"  src=\"https:\/\/arqueologiai.de\/es\/wp-content\/uploads\/sites\/2\/2020\/11\/srx-header1.jpg\" width=\"1000\" height=\"200\" title='' alt=''  itemprop=\"thumbnailUrl\" srcset=\"https:\/\/arqueologiai.de\/es\/wp-content\/uploads\/sites\/2\/2020\/11\/srx-header1.jpg 1000w, https:\/\/arqueologiai.de\/es\/wp-content\/uploads\/sites\/2\/2020\/11\/srx-header1-300x60.jpg 300w, https:\/\/arqueologiai.de\/es\/wp-content\/uploads\/sites\/2\/2020\/11\/srx-header1-768x154.jpg 768w, https:\/\/arqueologiai.de\/es\/wp-content\/uploads\/sites\/2\/2020\/11\/srx-header1-705x141.jpg 705w\" sizes=\"(max-width: 1000px) 100vw, 1000px\" \/><\/div><\/li><\/ul><\/div><\/div><div id='after_full_slider_1'  class='main_color av_default_container_wrap container_wrap sidebar_right' style=' '  ><div class='container' ><div class='template-page content  av-content-small alpha units'><div class='post-entry post-entry-type-page post-entry-415'><div class='entry-content-wrapper clearfix'>\n<div  style='height:1px; margin-top:-30px'  class='hr hr-invisible   avia-builder-el-1  el_after_av_slideshow_full  el_before_av_three_fourth  avia-builder-el-first '><span class='hr-inner ' ><span class='hr-inner-style'><\/span><\/span><\/div>\n<div class=\"flex_column av_three_fourth  flex_column_div av-zero-column-padding first  avia-builder-el-2  el_after_av_hr  el_before_av_one_fourth  \" style='border-radius:0px; '><\/div>\n<div class=\"flex_column av_one_fourth  flex_column_div   avia-builder-el-3  el_after_av_three_fourth  el_before_av_one_full  \" style='padding:0px 0px 0px 0px ; border-radius:0px; '><div  class='avia-builder-widget-area clearfix  avia-builder-el-4  avia-builder-el-no-sibling '><a href=\"https:\/\/arqueologiai.de\/es\/srx\/\" title=\" \/ espa\u00f1ol \" class=\"current_language\" aria-current=\"page\"> \/ espa\u00f1ol <\/a><\/div><\/div>\n<div class=\"flex_column av_one_full  flex_column_div av-zero-column-padding first  avia-builder-el-5  el_after_av_one_fourth  el_before_av_one_full  column-top-margin\" style='border-radius:0px; '><section class=\"av_textblock_section \"  itemscope=\"itemscope\" itemtype=\"https:\/\/schema.org\/CreativeWork\" ><div class='avia_textblock  '   itemprop=\"text\" ><h2>Santa Rosa Xtampak<\/h2>\n<h3>El sitio<\/h3>\n<p><a href=\"https:\/\/arqueologiai.de\/es\/wp-content\/uploads\/sites\/2\/2020\/11\/mapa.jpg\"><img loading=\"lazy\" decoding=\"async\" class=\"alignleft wp-image-569\" src=\"https:\/\/arqueologiai.de\/es\/wp-content\/uploads\/sites\/2\/2020\/11\/mapa.jpg\" alt=\"\" width=\"300\" height=\"165\" srcset=\"https:\/\/arqueologiai.de\/es\/wp-content\/uploads\/sites\/2\/2020\/11\/mapa.jpg 1000w, https:\/\/arqueologiai.de\/es\/wp-content\/uploads\/sites\/2\/2020\/11\/mapa-300x165.jpg 300w, https:\/\/arqueologiai.de\/es\/wp-content\/uploads\/sites\/2\/2020\/11\/mapa-768x423.jpg 768w, https:\/\/arqueologiai.de\/es\/wp-content\/uploads\/sites\/2\/2020\/11\/mapa-705x388.jpg 705w\" sizes=\"auto, (max-width: 300px) 100vw, 300px\" \/><\/a><\/p>\n<p>Santa Rosa Xtampak \u2013situada a 26 kil\u00f3metros al este de la cabecera municipal de Hopelch\u00e9n, Campeche\u2013 es una de las ciudades m\u00e1s importantes del Cl\u00e1sico Maya en el centro de la pen\u00ednsula de Yucat\u00e1n. La arquitectura que a\u00fan se conserva muestra rasgos de los estilos Chenes y Puuc, as\u00ed como influencias de las regiones de R\u00edo Bec y Pet\u00e9n.<\/p>\n<p>El centro monumental del sitio arqueol\u00f3gico ocupa un espacio rectangular de unos 550 m por 400 m en la cresta artificialmente nivelada de una escarpada colina que alcanza una altura de 60 m sobre el paisaje circundante y forma parte de una cadena de colinas que se extiende de norte a sur por m\u00e1s de 30 km\u00b2.<\/p>\n<p>La zona densamente edificada y terraceada del yacimiento circundante abarca aproximadamente 1 km\u00b2. La extensi\u00f3n total del asentamiento \u2013a juzgar por las nuevas im\u00e1genes LiDAR disponibles\u2013 podr\u00eda ser de hasta 10 km\u00b2. Hasta la fecha, se ha registrado y estudiado en detalle una m\u00ednima arte del sitio, incluido el palacio de tres pisos, un enorme basamento piramidal, otras dos bases piramidales m\u00e1s peque\u00f1as, un juego de pelota, una calzada (sacb\u00e9) y varios grupos de edificios que forman cuadr\u00e1ngulos alrededor de patios.<\/p>\n<p>Nuestro conocimiento de la cronolog\u00eda de Santa Rosa Xtampak se basa en el an\u00e1lisis epigr\u00e1fico de siete estelas con fechas comprendidas entre el 751 y el 911 d.C. y dos tapas de b\u00f3veda con fechas comprendidas entre el 791 y el 948 d.C. Los resultados recientes de varios sondeos estratigr\u00e1ficos (2022) sugieren una ocupaci\u00f3n del sitio desde el Precl\u00e1sico Medio (1000-300 a.C.) hasta el Cl\u00e1sico Terminal (750\/800-950 d.C.). Hallazgos aislados de fragmentos de incensarios del Postcl\u00e1sico indican visitas al sitio en esta \u00e9poca, pero hasta ahora faltan evidencias para una ocupaci\u00f3n postcl\u00e1sica en Santa Rosa Xtampak.<\/p>\n<\/div><\/section><\/div>\n<div class=\"flex_column av_one_full  flex_column_div av-zero-column-padding first  avia-builder-el-7  el_after_av_one_full  avia-builder-el-last  column-top-margin\" style='border-radius:0px; '><section class=\"av_textblock_section \"  itemscope=\"itemscope\" itemtype=\"https:\/\/schema.org\/CreativeWork\" ><div class='avia_textblock  '   itemprop=\"text\" ><hr \/>\n<h4>Patrocinador<br \/>\n(2020-2022, Fase 1 del Proyecto Santa Rosa Xtampak)<\/h4>\n<p><span class=\"rechts\"><img loading=\"lazy\" decoding=\"async\" class=\"alignleft wp-image-426 \" src=\"https:\/\/arqueologiai.de\/es\/wp-content\/uploads\/sites\/2\/2020\/11\/BKM200px.png\" alt=\"\" width=\"138\" height=\"45\" \/><\/span>Este sitio web fue financiado por la Delegada del Gobierno Federal para la Cultura y los Medios (BKM) en el margen del proyecto &#8220;Santa Rosa Xtampak: Cronolog\u00eda y v\u00ednculos de un centro suprarregional del Cl\u00e1sico maya&#8221; (2020-2022).<\/p>\n<p>2023-2026: Fase 2 del Proyecto Santa Rosa Xtampak (sin financiamiento de terceros)<\/p>\n<hr \/>\n<p><strong>Direcci\u00f3n<\/strong><br \/>\nDra. Iken Paap (IAI Berl\u00edn)<br \/>\nDr. Antonio Benavides Castillo (INAH Campeche)<\/p>\n<\/div><\/section><\/div>\n","protected":false},"excerpt":{"rendered":"","protected":false},"author":1,"featured_media":0,"parent":0,"menu_order":0,"comment_status":"closed","ping_status":"closed","template":"","meta":{"footnotes":""},"class_list":["post-415","page","type-page","status-publish","hentry"],"_links":{"self":[{"href":"https:\/\/arqueologiai.de\/es\/wp-json\/wp\/v2\/pages\/415","targetHints":{"allow":["GET"]}}],"collection":[{"href":"https:\/\/arqueologiai.de\/es\/wp-json\/wp\/v2\/pages"}],"about":[{"href":"https:\/\/arqueologiai.de\/es\/wp-json\/wp\/v2\/types\/page"}],"author":[{"embeddable":true,"href":"https:\/\/arqueologiai.de\/es\/wp-json\/wp\/v2\/users\/1"}],"replies":[{"embeddable":true,"href":"https:\/\/arqueologiai.de\/es\/wp-json\/wp\/v2\/comments?post=415"}],"version-history":[{"count":29,"href":"https:\/\/arqueologiai.de\/es\/wp-json\/wp\/v2\/pages\/415\/revisions"}],"predecessor-version":[{"id":825,"href":"https:\/\/arqueologiai.de\/es\/wp-json\/wp\/v2\/pages\/415\/revisions\/825"}],"wp:attachment":[{"href":"https:\/\/arqueologiai.de\/es\/wp-json\/wp\/v2\/media?parent=415"}],"curies":[{"name":"wp","href":"https:\/\/api.w.org\/{rel}","templated":true}]}}