{"id":48,"date":"2020-11-20T14:55:34","date_gmt":"2020-11-20T13:55:34","guid":{"rendered":"https:\/\/arqueologiai.de\/es\/?page_id=48"},"modified":"2020-11-22T19:29:11","modified_gmt":"2020-11-22T18:29:11","slug":"privacidad","status":"publish","type":"page","link":"https:\/\/arqueologiai.de\/es\/privacidad\/","title":{"rendered":"Privacidad"},"content":{"rendered":"<div class='clear'><\/div><div id='sub_menu1'  class='av-submenu-container main_color  avia-builder-el-0  el_before_av_four_fifth  avia-builder-el-first  av-sticky-submenu  container_wrap sidebar_right' style='  z-index:301' ><div class='container av-menu-mobile-disabled '><ul id=\"menu-einenes-hauptmenu-spanisch\" class=\"av-subnav-menu av-submenu-pos-right\"><li id=\"menu-item-63\" class=\"menu-item menu-item-type-custom menu-item-object-custom menu-item-top-level menu-item-top-level-1\"><a href=\"https:\/\/arqueologiai.de\" itemprop=\"url\"><span class=\"avia-bullet\"><\/span><span class=\"avia-menu-text\">Inicio<\/span><span class=\"avia-menu-fx\"><span class=\"avia-arrow-wrap\"><span class=\"avia-arrow\"><\/span><\/span><\/span><\/a><\/li>\n<li id=\"menu-item-65\" class=\"menu-item menu-item-type-post_type menu-item-object-page menu-item-has-children menu-item-top-level menu-item-top-level-2\"><a href=\"https:\/\/arqueologiai.de\/es\/dzk\/\" itemprop=\"url\"><span class=\"avia-bullet\"><\/span><span class=\"avia-menu-text\">Dzehkabt\u00fan<\/span><span class=\"avia-menu-fx\"><span class=\"avia-arrow-wrap\"><span class=\"avia-arrow\"><\/span><\/span><\/span><\/a>\n\n\n<ul class=\"sub-menu\">\n\t<li id=\"menu-item-551\" class=\"menu-item menu-item-type-post_type menu-item-object-page\"><a href=\"https:\/\/arqueologiai.de\/es\/dzk\/\" itemprop=\"url\"><span class=\"avia-bullet\"><\/span><span class=\"avia-menu-text\">El sitio<\/span><\/a><\/li>\n\t<li id=\"menu-item-548\" class=\"menu-item menu-item-type-post_type menu-item-object-page\"><a href=\"https:\/\/arqueologiai.de\/es\/dzk-investig\/\" itemprop=\"url\"><span class=\"avia-bullet\"><\/span><span class=\"avia-menu-text\">Investigaci\u00f3n<\/span><\/a><\/li>\n\t<li id=\"menu-item-550\" class=\"menu-item menu-item-type-post_type menu-item-object-page\"><a href=\"https:\/\/arqueologiai.de\/es\/dzk-publ\/\" itemprop=\"url\"><span class=\"avia-bullet\"><\/span><span class=\"avia-menu-text\">Publicaciones<\/span><\/a><\/li>\n\t<li id=\"menu-item-549\" class=\"menu-item menu-item-type-post_type menu-item-object-page\"><a href=\"https:\/\/arqueologiai.de\/es\/dzk-spgalerie\/\" itemprop=\"url\"><span class=\"avia-bullet\"><\/span><span class=\"avia-menu-text\">Galer\u00eda de Fotos<\/span><\/a><\/li>\n<\/ul>\n<\/li>\n<li id=\"menu-item-422\" class=\"menu-item menu-item-type-post_type menu-item-object-page menu-item-has-children menu-item-top-level menu-item-top-level-3\"><a href=\"https:\/\/arqueologiai.de\/es\/srx\/\" itemprop=\"url\"><span class=\"avia-bullet\"><\/span><span class=\"avia-menu-text\">Santa Rosa Xtampak<\/span><span class=\"avia-menu-fx\"><span class=\"avia-arrow-wrap\"><span class=\"avia-arrow\"><\/span><\/span><\/span><\/a>\n\n\n<ul class=\"sub-menu\">\n\t<li id=\"menu-item-552\" class=\"menu-item menu-item-type-post_type menu-item-object-page\"><a href=\"https:\/\/arqueologiai.de\/es\/srx\/\" itemprop=\"url\"><span class=\"avia-bullet\"><\/span><span class=\"avia-menu-text\">El sitio<\/span><\/a><\/li>\n\t<li id=\"menu-item-568\" class=\"menu-item menu-item-type-post_type menu-item-object-page\"><a href=\"https:\/\/arqueologiai.de\/es\/srx-investig\/\" itemprop=\"url\"><span class=\"avia-bullet\"><\/span><span class=\"avia-menu-text\">Investigaci\u00f3n<\/span><\/a><\/li>\n\t<li id=\"menu-item-600\" class=\"menu-item menu-item-type-post_type menu-item-object-page\"><a href=\"https:\/\/arqueologiai.de\/es\/srx-publ\/\" itemprop=\"url\"><span class=\"avia-bullet\"><\/span><span class=\"avia-menu-text\">Publicaciones<\/span><\/a><\/li>\n<\/ul>\n<\/li>\n<li id=\"menu-item-64\" class=\"menu-item menu-item-type-post_type menu-item-object-page menu-item-top-level menu-item-top-level-4\"><a href=\"https:\/\/arqueologiai.de\/es\/privacidad\/\" itemprop=\"url\"><span class=\"avia-bullet\"><\/span><span class=\"avia-menu-text\">Privacidad<\/span><span class=\"avia-menu-fx\"><span class=\"avia-arrow-wrap\"><span class=\"avia-arrow\"><\/span><\/span><\/span><\/a><\/li>\n<li id=\"menu-item-78\" class=\"menu-item menu-item-type-post_type menu-item-object-page menu-item-top-level menu-item-top-level-5\"><a href=\"https:\/\/arqueologiai.de\/es\/aviso\/\" itemprop=\"url\"><span class=\"avia-bullet\"><\/span><span class=\"avia-menu-text\">Aviso legal<\/span><span class=\"avia-menu-fx\"><span class=\"avia-arrow-wrap\"><span class=\"avia-arrow\"><\/span><\/span><\/span><\/a><\/li>\n<\/ul><\/div><\/div><div class='sticky_placeholder'><\/div><div id='after_submenu'  class='main_color av_default_container_wrap container_wrap sidebar_right' style=' '  ><div class='container' ><div class='template-page content  av-content-small alpha units'><div class='post-entry post-entry-type-page post-entry-48'><div class='entry-content-wrapper clearfix'>\n<div class=\"flex_column av_four_fifth  flex_column_div av-zero-column-padding first  avia-builder-el-1  el_after_av_submenu  el_before_av_one_half  avia-builder-el-first  \" style='border-radius:0px; '><section class=\"av_textblock_section \"  itemscope=\"itemscope\" itemtype=\"https:\/\/schema.org\/CreativeWork\" ><div class='avia_textblock  '   itemprop=\"text\" ><h4>Pol\u00edtica de privacidad seg\u00fan la DSGVO<\/h4>\n<p>Las informaciones que figuran a continuaci\u00f3n contienen los datos obligatorios, prescritos por la ley, para identificar el proveedor as\u00ed como importantes indicaciones jur\u00eddicas concernientes a la p\u00e1gina de Internet del Instituto Ibero-Americano Patrimonio Cultural Prusiano.<\/p>\n<p><a href=\"https:\/\/arqueologiai.de\/datenschutz\/\">La versi\u00f3n jur\u00eddicamente vinculante del Aviso legal es la alemana<\/a>.<\/p>\n<\/div><\/section><\/div>\n<div class=\"flex_column av_one_half  flex_column_div av-zero-column-padding first  avia-builder-el-3  el_after_av_four_fifth  avia-builder-el-last  \" style='border-radius:0px; '><\/div>\n","protected":false},"excerpt":{"rendered":"","protected":false},"author":1,"featured_media":0,"parent":0,"menu_order":0,"comment_status":"closed","ping_status":"closed","template":"","meta":{"footnotes":""},"class_list":["post-48","page","type-page","status-publish","hentry"],"_links":{"self":[{"href":"https:\/\/arqueologiai.de\/es\/wp-json\/wp\/v2\/pages\/48","targetHints":{"allow":["GET"]}}],"collection":[{"href":"https:\/\/arqueologiai.de\/es\/wp-json\/wp\/v2\/pages"}],"about":[{"href":"https:\/\/arqueologiai.de\/es\/wp-json\/wp\/v2\/types\/page"}],"author":[{"embeddable":true,"href":"https:\/\/arqueologiai.de\/es\/wp-json\/wp\/v2\/users\/1"}],"replies":[{"embeddable":true,"href":"https:\/\/arqueologiai.de\/es\/wp-json\/wp\/v2\/comments?post=48"}],"version-history":[{"count":9,"href":"https:\/\/arqueologiai.de\/es\/wp-json\/wp\/v2\/pages\/48\/revisions"}],"predecessor-version":[{"id":640,"href":"https:\/\/arqueologiai.de\/es\/wp-json\/wp\/v2\/pages\/48\/revisions\/640"}],"wp:attachment":[{"href":"https:\/\/arqueologiai.de\/es\/wp-json\/wp\/v2\/media?parent=48"}],"curies":[{"name":"wp","href":"https:\/\/api.w.org\/{rel}","templated":true}]}}