{"id":560,"date":"2020-11-29T21:56:32","date_gmt":"2020-11-29T20:56:32","guid":{"rendered":"https:\/\/arqueologiai.de\/es\/?page_id=560"},"modified":"2025-02-26T10:05:53","modified_gmt":"2025-02-26T09:05:53","slug":"srx-investig","status":"publish","type":"page","link":"https:\/\/arqueologiai.de\/es\/srx-investig\/","title":{"rendered":"SRX-investigaci\u00f3n"},"content":{"rendered":"<div id='full_slider_1'  class='avia-fullwidth-slider main_color avia-shadow   avia-builder-el-0  el_before_av_hr  avia-builder-el-first   container_wrap sidebar_right' style=' '  ><div   data-size='no scaling'  data-lightbox_size='large'  data-animation='slide'  data-conditional_play=''  data-ids='570'  data-video_counter='0'  data-autoplay='false'  data-bg_slider='false'  data-slide_height=''  data-handle='av_slideshow_full'  data-interval='5'  data-class=' '  data-el_id=''  data-css_id=''  data-scroll_down=''  data-control_layout='av-control-default'  data-custom_markup=''  data-perma_caption=''  data-autoplay_stopper=''  data-image_attachment=''  data-min_height='0px'  data-lazy_loading='disabled'  data-src=''  data-position='top left'  data-repeat='no-repeat'  data-attach='scroll'  data-stretch=''  class='avia-slideshow avia-slideshow-1  av-control-default av-default-height-applied avia-slideshow-no scaling av_slideshow_full   avia-slide-slider '  itemprop=\"image\" itemscope=\"itemscope\" itemtype=\"https:\/\/schema.org\/ImageObject\" ><ul class='avia-slideshow-inner ' style='padding-bottom: 20%;' ><li  class=' av-single-slide slide-1 ' ><div data-rel='slideshow-1' class='avia-slide-wrap '   ><img decoding=\"async\" class=\"wp-image-570 avia-img-lazy-loading-not-570\"  src=\"https:\/\/arqueologiai.de\/es\/wp-content\/uploads\/sites\/2\/2020\/11\/srx-header2.jpg\" width=\"1000\" height=\"200\" title='srx-header2' alt=''  itemprop=\"thumbnailUrl\" srcset=\"https:\/\/arqueologiai.de\/es\/wp-content\/uploads\/sites\/2\/2020\/11\/srx-header2.jpg 1000w, https:\/\/arqueologiai.de\/es\/wp-content\/uploads\/sites\/2\/2020\/11\/srx-header2-300x60.jpg 300w, https:\/\/arqueologiai.de\/es\/wp-content\/uploads\/sites\/2\/2020\/11\/srx-header2-768x154.jpg 768w, https:\/\/arqueologiai.de\/es\/wp-content\/uploads\/sites\/2\/2020\/11\/srx-header2-705x141.jpg 705w\" sizes=\"(max-width: 1000px) 100vw, 1000px\" \/><\/div><\/li><\/ul><\/div><\/div><div id='after_full_slider_1'  class='main_color av_default_container_wrap container_wrap sidebar_right' style=' '  ><div class='container' ><div class='template-page content  av-content-small alpha units'><div class='post-entry post-entry-type-page post-entry-560'><div class='entry-content-wrapper clearfix'>\n<div  style='height:1px; margin-top:-30px'  class='hr hr-invisible   avia-builder-el-1  el_after_av_slideshow_full  el_before_av_three_fourth  avia-builder-el-first '><span class='hr-inner ' ><span class='hr-inner-style'><\/span><\/span><\/div>\n<div class=\"flex_column av_three_fourth  flex_column_div av-zero-column-padding first  avia-builder-el-2  el_after_av_hr  el_before_av_one_fourth  \" style='border-radius:0px; '><\/div>\n<div class=\"flex_column av_one_fourth  flex_column_div   avia-builder-el-3  el_after_av_three_fourth  el_before_av_one_full  \" style='padding:0px 0px 0px 0px ; border-radius:0px; '><div  class='avia-builder-widget-area clearfix  avia-builder-el-4  avia-builder-el-no-sibling '><a href=\"https:\/\/arqueologiai.de\/es\/srx-investig\/\" title=\" \/ espa\u00f1ol \" class=\"current_language\" aria-current=\"page\"> \/ espa\u00f1ol <\/a><\/div><\/div>\n<div class=\"flex_column av_one_full  flex_column_div av-zero-column-padding first  avia-builder-el-5  el_after_av_one_fourth  el_before_av_two_third  column-top-margin\" style='border-radius:0px; '><section class=\"av_textblock_section \"  itemscope=\"itemscope\" itemtype=\"https:\/\/schema.org\/CreativeWork\" ><div class='avia_textblock  '   itemprop=\"text\" ><h2>Santa Rosa Xtampak<\/h2>\n<h3>Investigaci\u00f3n<\/h3>\n<\/div><\/section><\/div>\n<div class=\"flex_column av_two_third  flex_column_div av-zero-column-padding first  avia-builder-el-7  el_after_av_one_full  el_before_av_one_third  column-top-margin\" style='border-radius:0px; '><section class=\"av_textblock_section \"  itemscope=\"itemscope\" itemtype=\"https:\/\/schema.org\/CreativeWork\" ><div class='avia_textblock  '   itemprop=\"text\" ><p>Santa Rosa Xtampak (SRX) tiene una larga e intensa historia de investigaci\u00f3n. Con pocas excepciones, desde que Stephens y Catherwood visitaron el sitio por primera vez en 1841, la investigaci\u00f3n se ha centrado en la arquitectura monumental y especialmente en el palacio situado en el centro del sitio: en 1891, Teobert Maler dedic\u00f3 varios d\u00edas a documentar el palacio y otra arquitectura en pie. En 1936, Harry E. D. Pollock descubri\u00f3 varias estelas que posteriormente fueron saqueadas, por lo que hoy en d\u00eda s\u00f3lo quedan pocos vestigios y fragmentos de los monumentos presentes originalmente en Santa Rosa. Pollock tambi\u00e9n public\u00f3 el primer mapa del yacimiento arqueol\u00f3gico, elaborado en 1949 por George W. Brainerd, Karl Ruppert y Lawrence Roys. En 1949, George W. Brainerd (Universidad de California) excav\u00f3 varias calas estratigr\u00e1ficas, pero la mayor parte de la documentaci\u00f3n se perdi\u00f3 tras su prematuro fallecimiento en 1956, y s\u00f3lo una peque\u00f1a parte del an\u00e1lisis de la cer\u00e1mica se incluy\u00f3 en sus publicaciones. Todav\u00eda no se ha conseguido localizar todas las calas realizadas en aquella \u00e9poca. En 1970 se publicaron los resultados de una visita de investigaci\u00f3n prolongada de diez semanas realizada por Evan I. DeBloois (Weber State College) y Richard Stamps (Brigham Young University).<\/p>\n<p>Su estudio, centrado en los <em>chultunes<\/em> (aljibes) y la arquitectura monumental del sitio, incluye una breve descripci\u00f3n de varios sondeos estratigr\u00e1ficos y una considerable ampliaci\u00f3n del mapa de 1949. En d\u00e9cadas posteriores se estudiaron las inscripciones y la iconograf\u00eda (por Daniel Gra\u00f1a-Behrens y otros) y la arquitectura de los edificios m\u00e1s importantes, especialmente el palacio. Desde mediados de los a\u00f1os noventa, el Instituto Nacional de Arqueolog\u00eda e Historia, bajo la direcci\u00f3n de Antonio Benavides Castillo y Lorelei Zapata, llev\u00f3 a cabo trabajos de consolidaci\u00f3n. El \u00e1rea cartografiada fue ampliada considerablemente en 1989 por Abel Morales y William Folan.<\/p>\n<p>A pesar de la repetida -y ciertamente acertada- designaci\u00f3n de Santa Rosa Xtampak como ciudad &#8220;preponderante&#8221; o &#8220;capital&#8221;, lo que Michelet y Bequelin formularon hace m\u00e1s de 20 a\u00f1os sigue siendo esencialmente v\u00e1lido (2001: 219): &#8220;[&#8230;] el sitio de Santa Rosa Xtampak sigue siendo muy superficialmente conocido, a pesar de que la importancia del asentamiento, el n\u00famero de sus edificios y su buen estado de conservaci\u00f3n han atra\u00eddo a numerosos investigadores&#8221;. La cuesti\u00f3n de la ubicaci\u00f3n de Santa Rosa Xtampak en el sistema sociopol\u00edtico de la pen\u00ednsula de Yucat\u00e1n apenas se ha abordado hasta ahora, lo que sin duda se debe a la falta de datos arqueol\u00f3gicos procedentes de excavaciones controladas en este sitio en particular y en la regi\u00f3n de los Chenes en general.<\/p>\n<p>Esta situaci\u00f3n est\u00e1 cambiando lentamente desde que en 2018 y 2019 se retomaron los trabajos sistem\u00e1ticos de consolidaci\u00f3n por parte del Instituto Nacional de Antropolog\u00eda e Historia (INAH) bajo la direcci\u00f3n de Antonio Benavides Castillo, acompa\u00f1ados de peque\u00f1os sondeos que inicialmente permitieron establecer un marco cronol\u00f3gico aproximado.<br \/>\nLa excavaci\u00f3n de varias calas estratigr\u00e1ficas bajo la direcci\u00f3n de Iken Paap en 2022 y 2023 (financiada por la Comisionada del Gobierno Federal para la Cultura y los Medios, entre otros) proporcion\u00f3 pruebas de actividades de construcci\u00f3n monumental en el centro del sitio desde el Precl\u00e1sico Medio (1000 a.C.) hasta el Cl\u00e1sico Terminal, adem\u00e1s de pruebas de visitas al menos espor\u00e1dicas durante el Postcl\u00e1sico. Se est\u00e1 preparando la publicaci\u00f3n de los resultados de estas excavaciones.<\/p>\n<\/div><\/section><\/div>\n<div class=\"flex_column av_one_third  flex_column_div av-zero-column-padding   avia-builder-el-9  el_after_av_two_third  el_before_av_one_full  column-top-margin\" style='border-radius:0px; '><section class=\"av_textblock_section \"  itemscope=\"itemscope\" itemtype=\"https:\/\/schema.org\/CreativeWork\" ><div class='avia_textblock  '   itemprop=\"text\" ><div id=\"attachment_1408\" style=\"width: 310px\" class=\"wp-caption alignright\"><a href=\"https:\/\/arqueologiai.de\/wp-content\/uploads\/2023\/03\/image001.jpg\"><img loading=\"lazy\" decoding=\"async\" aria-describedby=\"caption-attachment-1408\" class=\"wp-image-1408 size-medium\" src=\"https:\/\/arqueologiai.de\/wp-content\/uploads\/2023\/03\/image001-300x223.jpg\" alt=\"\" width=\"300\" height=\"223\" \/><\/a><p id=\"caption-attachment-1408\" class=\"wp-caption-text\">Santa Rosa Xtampak, el Palacio (Foto: Teobert Maler, 1891. IAI N-0040 s 149).<\/p><\/div>\n<div id=\"attachment_1425\" style=\"width: 310px\" class=\"wp-caption alignright\"><a href=\"https:\/\/arqueologiai.de\/wp-content\/uploads\/2023\/03\/Altgrabungen.jpg\"><img loading=\"lazy\" decoding=\"async\" aria-describedby=\"caption-attachment-1425\" class=\"wp-image-1425 size-medium\" src=\"https:\/\/arqueologiai.de\/wp-content\/uploads\/2023\/03\/Altgrabungen-300x172.jpg\" alt=\"\" width=\"300\" height=\"172\" \/><\/a><p id=\"caption-attachment-1425\" class=\"wp-caption-text\">Calas expuestas de las antiguas excavaciones de 1939-1969 antes de nuestra intervenci\u00f3n (2022).<\/p><\/div>\n<div id=\"attachment_1426\" style=\"width: 310px\" class=\"wp-caption alignright\"><a href=\"https:\/\/arqueologiai.de\/wp-content\/uploads\/2023\/03\/calas.jpg\"><img loading=\"lazy\" decoding=\"async\" aria-describedby=\"caption-attachment-1426\" class=\"wp-image-1426 size-medium\" src=\"https:\/\/arqueologiai.de\/wp-content\/uploads\/2023\/03\/calas-300x243.jpg\" alt=\"\" width=\"300\" height=\"243\" \/><\/a><p id=\"caption-attachment-1426\" class=\"wp-caption-text\">Sondeos (2022)\u00a0 en las antiguas excavaciones de DeBloois (1969, Cala 1) y Brainerd (1949, Cala 2 y 9).<\/p><\/div>\n<div id=\"attachment_1413\" style=\"width: 310px\" class=\"wp-caption alignright\"><a href=\"https:\/\/arqueologiai.de\/wp-content\/uploads\/2023\/03\/karte-gesamt_klein.jpg\"><img loading=\"lazy\" decoding=\"async\" aria-describedby=\"caption-attachment-1413\" class=\"wp-image-1413 size-medium\" src=\"https:\/\/arqueologiai.de\/wp-content\/uploads\/2023\/03\/karte-gesamt_klein-300x212.jpg\" alt=\"\" width=\"300\" height=\"212\" \/><\/a><p id=\"caption-attachment-1413\" class=\"wp-caption-text\">Re-mapeo del centro monumental (Jansen, Paap, Urdapilleta, Rutishauser, Villarino, Poot, 2018 y 2021).<\/p><\/div>\n<div id=\"attachment_1430\" style=\"width: 310px\" class=\"wp-caption alignright\"><a href=\"https:\/\/arqueologiai.de\/wp-content\/uploads\/2023\/03\/bestattung.jpg\"><img loading=\"lazy\" decoding=\"async\" aria-describedby=\"caption-attachment-1430\" class=\"wp-image-1430 size-medium\" src=\"https:\/\/arqueologiai.de\/wp-content\/uploads\/2023\/03\/bestattung-300x208.jpg\" alt=\"\" width=\"300\" height=\"208\" \/><\/a><p id=\"caption-attachment-1430\" class=\"wp-caption-text\">Entierro del Cl\u00e1sico Tard\u00edo y una ofrenda destruida de dos vasijas pol\u00edcromas del Cl\u00e1sico Temprano.<\/p><\/div>\n<\/div><\/section><\/div>\n<div class=\"flex_column av_one_full  flex_column_div av-zero-column-padding first  avia-builder-el-11  el_after_av_one_third  el_before_av_one_full  column-top-margin\" style='border-radius:0px; '><section class=\"av_textblock_section \"  itemscope=\"itemscope\" itemtype=\"https:\/\/schema.org\/CreativeWork\" ><div class='avia_textblock  '   itemprop=\"text\" ><p><img loading=\"lazy\" decoding=\"async\" class=\"size-large wp-image-1409 aligncenter\" src=\"https:\/\/arqueologiai.de\/wp-content\/uploads\/2023\/03\/2023-03-25_225949-1030x115.jpg\" alt=\"\" width=\"1030\" height=\"115\" \/><\/p>\n<\/div><\/section><\/div>\n<div class=\"flex_column av_one_full  flex_column_div av-zero-column-padding first  avia-builder-el-13  el_after_av_one_full  avia-builder-el-last  column-top-margin\" style='border-radius:0px; '><section class=\"av_textblock_section \"  itemscope=\"itemscope\" itemtype=\"https:\/\/schema.org\/CreativeWork\" ><div class='avia_textblock  '   itemprop=\"text\" ><hr \/>\n<h4>Patrocinador<br \/>\n(2020-2022, Fase 1 del Proyecto Santa Rosa Xtampak)<\/h4>\n<p><span class=\"rechts\"><img loading=\"lazy\" decoding=\"async\" class=\"alignleft wp-image-426 \" src=\"https:\/\/arqueologiai.de\/es\/wp-content\/uploads\/sites\/2\/2020\/11\/BKM200px.png\" alt=\"\" width=\"138\" height=\"45\" \/><\/span>Este sitio web fue financiado por la Delegada del Gobierno Federal para la Cultura y los Medios (BKM) en el margen del proyecto &#8220;Santa Rosa Xtampak: Cronolog\u00eda y v\u00ednculos de un centro suprarregional del Cl\u00e1sico maya&#8221; (2020-2022).<\/p>\n<p>2023-2026: Fase 2 del Proyecto Santa Rosa Xtampak (sin financiamiento de terceros)<\/p>\n<hr \/>\n<p><strong>Direcci\u00f3n<\/strong><br \/>\nDra. Iken Paap (IAI Berl\u00edn)<br \/>\nDr. Antonio Benavides Castillo (INAH Campeche)<\/p>\n<\/div><\/section><\/div>\n","protected":false},"excerpt":{"rendered":"","protected":false},"author":1,"featured_media":0,"parent":0,"menu_order":0,"comment_status":"closed","ping_status":"closed","template":"","meta":{"footnotes":""},"class_list":["post-560","page","type-page","status-publish","hentry"],"_links":{"self":[{"href":"https:\/\/arqueologiai.de\/es\/wp-json\/wp\/v2\/pages\/560","targetHints":{"allow":["GET"]}}],"collection":[{"href":"https:\/\/arqueologiai.de\/es\/wp-json\/wp\/v2\/pages"}],"about":[{"href":"https:\/\/arqueologiai.de\/es\/wp-json\/wp\/v2\/types\/page"}],"author":[{"embeddable":true,"href":"https:\/\/arqueologiai.de\/es\/wp-json\/wp\/v2\/users\/1"}],"replies":[{"embeddable":true,"href":"https:\/\/arqueologiai.de\/es\/wp-json\/wp\/v2\/comments?post=560"}],"version-history":[{"count":24,"href":"https:\/\/arqueologiai.de\/es\/wp-json\/wp\/v2\/pages\/560\/revisions"}],"predecessor-version":[{"id":827,"href":"https:\/\/arqueologiai.de\/es\/wp-json\/wp\/v2\/pages\/560\/revisions\/827"}],"wp:attachment":[{"href":"https:\/\/arqueologiai.de\/es\/wp-json\/wp\/v2\/media?parent=560"}],"curies":[{"name":"wp","href":"https:\/\/api.w.org\/{rel}","templated":true}]}}