{"id":591,"date":"2020-12-07T16:49:00","date_gmt":"2020-12-07T15:49:00","guid":{"rendered":"https:\/\/arqueologiai.de\/es\/?page_id=591"},"modified":"2026-01-24T10:09:30","modified_gmt":"2026-01-24T09:09:30","slug":"srx-publ","status":"publish","type":"page","link":"https:\/\/arqueologiai.de\/es\/srx-publ\/","title":{"rendered":"SRX-publicaciones"},"content":{"rendered":"<div id='full_slider_1'  class='avia-fullwidth-slider main_color avia-shadow   avia-builder-el-0  el_before_av_hr  avia-builder-el-first   container_wrap sidebar_right' style=' '  ><div   data-size='no scaling'  data-lightbox_size='large'  data-animation='slide'  data-conditional_play=''  data-ids='593'  data-video_counter='0'  data-autoplay='false'  data-bg_slider='false'  data-slide_height=''  data-handle='av_slideshow_full'  data-interval='5'  data-class=' '  data-el_id=''  data-css_id=''  data-scroll_down=''  data-control_layout='av-control-default'  data-custom_markup=''  data-perma_caption=''  data-autoplay_stopper=''  data-image_attachment=''  data-min_height='0px'  data-lazy_loading='disabled'  data-src=''  data-position='top left'  data-repeat='no-repeat'  data-attach='scroll'  data-stretch=''  class='avia-slideshow avia-slideshow-1  av-control-default av-default-height-applied avia-slideshow-no scaling av_slideshow_full   avia-slide-slider '  itemprop=\"image\" itemscope=\"itemscope\" itemtype=\"https:\/\/schema.org\/ImageObject\" ><ul class='avia-slideshow-inner ' style='padding-bottom: 20%;' ><li  class=' av-single-slide slide-1 ' ><div data-rel='slideshow-1' class='avia-slide-wrap '   ><img decoding=\"async\" class=\"wp-image-593 avia-img-lazy-loading-not-593\"  src=\"https:\/\/arqueologiai.de\/es\/wp-content\/uploads\/sites\/2\/2020\/12\/srx-header3.jpg\" width=\"1000\" height=\"200\" title='srx-header3' alt=''  itemprop=\"thumbnailUrl\" srcset=\"https:\/\/arqueologiai.de\/es\/wp-content\/uploads\/sites\/2\/2020\/12\/srx-header3.jpg 1000w, https:\/\/arqueologiai.de\/es\/wp-content\/uploads\/sites\/2\/2020\/12\/srx-header3-300x60.jpg 300w, https:\/\/arqueologiai.de\/es\/wp-content\/uploads\/sites\/2\/2020\/12\/srx-header3-768x154.jpg 768w, https:\/\/arqueologiai.de\/es\/wp-content\/uploads\/sites\/2\/2020\/12\/srx-header3-705x141.jpg 705w\" sizes=\"(max-width: 1000px) 100vw, 1000px\" \/><\/div><\/li><\/ul><\/div><\/div><div id='after_full_slider_1'  class='main_color av_default_container_wrap container_wrap sidebar_right' style=' '  ><div class='container' ><div class='template-page content  av-content-small alpha units'><div class='post-entry post-entry-type-page post-entry-591'><div class='entry-content-wrapper clearfix'>\n<div  style='height:1px; margin-top:-30px'  class='hr hr-invisible   avia-builder-el-1  el_after_av_slideshow_full  el_before_av_three_fourth  avia-builder-el-first '><span class='hr-inner ' ><span class='hr-inner-style'><\/span><\/span><\/div>\n<div class=\"flex_column av_three_fourth  flex_column_div av-zero-column-padding first  avia-builder-el-2  el_after_av_hr  el_before_av_one_fourth  \" style='border-radius:0px; '><\/div>\n<div class=\"flex_column av_one_fourth  flex_column_div   avia-builder-el-3  el_after_av_three_fourth  el_before_av_one_full  \" style='padding:0px 0px 0px 0px ; border-radius:0px; '><div  class='avia-builder-widget-area clearfix  avia-builder-el-4  avia-builder-el-no-sibling '><a href=\"https:\/\/arqueologiai.de\/es\/srx-publ\/\" title=\" \/ espa\u00f1ol \" class=\"current_language\" aria-current=\"page\"> \/ espa\u00f1ol <\/a><\/div><\/div>\n<div class=\"flex_column av_one_full  flex_column_div av-zero-column-padding first  avia-builder-el-5  el_after_av_one_fourth  el_before_av_one_full  column-top-margin\" style='border-radius:0px; '><section class=\"av_textblock_section \"  itemscope=\"itemscope\" itemtype=\"https:\/\/schema.org\/CreativeWork\" ><div class='avia_textblock  '   itemprop=\"text\" ><h2>Santa Rosa Xtampak<\/h2>\n<h3>Publicaciones<\/h3>\n<\/div><\/section><\/div>\n<div class=\"flex_column av_one_full  flex_column_div av-zero-column-padding first  avia-builder-el-7  el_after_av_one_full  el_before_av_hr  column-top-margin\" style='border-radius:0px; '><section class=\"av_textblock_section \"  itemscope=\"itemscope\" itemtype=\"https:\/\/schema.org\/CreativeWork\" ><div class='avia_textblock  '   itemprop=\"text\" ><p><a href=\"https:\/\/publications.iai.spk-berlin.de\/servlets\/MCRFileNodeServlet\/iai_derivate_00000107\/SPK-Jahresbericht-2020_87.pdf\" target=\"_blank\" rel=\"noopener\"><img loading=\"lazy\" decoding=\"async\" class=\"alignright\" src=\"https:\/\/arqueologiai.de\/wp-content\/uploads\/2020\/11\/pdf-1.png\" alt=\"download pdf\" width=\"30\" height=\"36\" border=\"0\" \/><\/a>2021 \u201cNeue Grabungen im Maya-Gebiet.\u201d In <em>Jahresbericht der Stiftung Preu\u00dfischer Kulturbesitz 2020<\/em>, 87. Berlin: Stiftung Preu\u00dfischer Kulturbesitz.<\/p>\n<\/div><\/section><\/div>\n<div  style='height:1px; margin-top:-20px'  class='hr hr-invisible   avia-builder-el-9  el_after_av_one_full  el_before_av_one_full '><span class='hr-inner ' ><span class='hr-inner-style'><\/span><\/span><\/div>\n<div class=\"flex_column av_one_full  flex_column_div av-zero-column-padding first  avia-builder-el-10  el_after_av_hr  el_before_av_hr  \" style='border-radius:0px; '><section class=\"av_textblock_section \"  itemscope=\"itemscope\" itemtype=\"https:\/\/schema.org\/CreativeWork\" ><div class='avia_textblock  '   itemprop=\"text\" ><p><a href=\"https:\/\/doi.org\/10.57727\/4\" target=\"_blank\" rel=\"noopener\"><img loading=\"lazy\" decoding=\"async\" class=\"alignright\" src=\"https:\/\/arqueologiai.de\/wp-content\/uploads\/2020\/11\/pdf-1.png\" alt=\"download pdf\" width=\"30\" height=\"36\" border=\"0\" \/><\/a>Maler, Teobert<br \/>\n2020 \u201cXlabpak de Santa Rosa.\u201d En <em>Teobert Maler. Los textos en Globus (1879-1902). <\/em>Traducci\u00f3n y edici\u00f3n: Antonio Benavides C. \/ Iken Paap, 124-136. Berlin: Ibero-Amerikanisches Institut.<\/p>\n<\/div><\/section><\/div>\n<div  style='height:1px; margin-top:-20px'  class='hr hr-invisible   avia-builder-el-12  el_after_av_one_full  el_before_av_one_full '><span class='hr-inner ' ><span class='hr-inner-style'><\/span><\/span><\/div>\n<div class=\"flex_column av_one_full  flex_column_div av-zero-column-padding first  avia-builder-el-13  el_after_av_hr  el_before_av_hr  \" style='border-radius:0px; '><section class=\"av_textblock_section \"  itemscope=\"itemscope\" itemtype=\"https:\/\/schema.org\/CreativeWork\" ><div class='avia_textblock  '   itemprop=\"text\" ><p><a href=\"https:\/\/zenodo.org\/record\/7625535\/files\/Benavides_Paap_2019_SRX.pdf?download=1\" target=\"_blank\" rel=\"noopener\"><img loading=\"lazy\" decoding=\"async\" class=\"alignright\" src=\"https:\/\/arqueologiai.de\/wp-content\/uploads\/2020\/11\/pdf-1.png\" alt=\"download pdf\" width=\"30\" height=\"36\" border=\"0\" \/><\/a>Benavides Castillo, Antonio e Iken Paap<br \/>\n2019 \u201cResearch note: Mapping and consolidation work at Santa Rosa Xtampak, Campeche.\u201d <em>Mexicon <\/em>41, no. 4: 92-96.<\/p>\n<\/div><\/section><\/div>\n<div  style='height:1px; margin-top:-20px'  class='hr hr-invisible   avia-builder-el-15  el_after_av_one_full  el_before_av_one_full '><span class='hr-inner ' ><span class='hr-inner-style'><\/span><\/span><\/div>\n<div class=\"flex_column av_one_full  flex_column_div av-zero-column-padding first  avia-builder-el-16  el_after_av_hr  el_before_av_one_full  \" style='border-radius:0px; '><section class=\"av_textblock_section \"  itemscope=\"itemscope\" itemtype=\"https:\/\/schema.org\/CreativeWork\" ><div class='avia_textblock  '   itemprop=\"text\" ><p><a href=\"https:\/\/doi.org\/10.5281\/zenodo.7112958\" target=\"_blank\" rel=\"noopener\"><img loading=\"lazy\" decoding=\"async\" class=\"alignright\" src=\"https:\/\/arqueologiai.de\/wp-content\/uploads\/2020\/11\/pdf-1.png\" alt=\"download pdf\" width=\"30\" height=\"36\" border=\"0\" \/><\/a>Jansen, Philipp, Iken Paap e Ivan Urdapilleta Caamal<br \/>\n2019 &#8220;Santa Rosa Xtampak, Campeche: 2018 map set.&#8221; Documento en linea. Berlin: Ibero-Amerikanisches Institut.<\/p>\n<\/div><\/section><\/div>\n<div class=\"flex_column av_one_full  flex_column_div av-zero-column-padding first  avia-builder-el-18  el_after_av_one_full  avia-builder-el-last  column-top-margin\" style='border-radius:0px; '><section class=\"av_textblock_section \"  itemscope=\"itemscope\" itemtype=\"https:\/\/schema.org\/CreativeWork\" ><div class='avia_textblock  '   itemprop=\"text\" ><hr \/>\n<h4>Patrocinador<br \/>\n(2020-2022, Fase 1 del Proyecto Santa Rosa Xtampak)<\/h4>\n<p><span class=\"rechts\"><img loading=\"lazy\" decoding=\"async\" class=\"alignleft wp-image-426 \" src=\"https:\/\/arqueologiai.de\/es\/wp-content\/uploads\/sites\/2\/2020\/11\/BKM200px.png\" alt=\"\" width=\"138\" height=\"45\" \/><\/span>Este sitio web fue financiado por la Delegada del Gobierno Federal para la Cultura y los Medios (BKM) en el margen del proyecto &#8220;Santa Rosa Xtampak: Cronolog\u00eda y v\u00ednculos de un centro suprarregional del Cl\u00e1sico maya&#8221; (2020-2022).<\/p>\n<p>2023-2026: Fase 2 del Proyecto Santa Rosa Xtampak (sin financiamiento de terceros)<\/p>\n<hr \/>\n<p><strong>Direcci\u00f3n<\/strong><br \/>\nDra. Iken Paap (IAI Berl\u00edn)<br \/>\nDr. Antonio Benavides Castillo (INAH Campeche)<\/p>\n<\/div><\/section><\/div>\n","protected":false},"excerpt":{"rendered":"","protected":false},"author":1,"featured_media":0,"parent":0,"menu_order":0,"comment_status":"closed","ping_status":"closed","template":"","meta":{"footnotes":""},"class_list":["post-591","page","type-page","status-publish","hentry"],"_links":{"self":[{"href":"https:\/\/arqueologiai.de\/es\/wp-json\/wp\/v2\/pages\/591","targetHints":{"allow":["GET"]}}],"collection":[{"href":"https:\/\/arqueologiai.de\/es\/wp-json\/wp\/v2\/pages"}],"about":[{"href":"https:\/\/arqueologiai.de\/es\/wp-json\/wp\/v2\/types\/page"}],"author":[{"embeddable":true,"href":"https:\/\/arqueologiai.de\/es\/wp-json\/wp\/v2\/users\/1"}],"replies":[{"embeddable":true,"href":"https:\/\/arqueologiai.de\/es\/wp-json\/wp\/v2\/comments?post=591"}],"version-history":[{"count":27,"href":"https:\/\/arqueologiai.de\/es\/wp-json\/wp\/v2\/pages\/591\/revisions"}],"predecessor-version":[{"id":840,"href":"https:\/\/arqueologiai.de\/es\/wp-json\/wp\/v2\/pages\/591\/revisions\/840"}],"wp:attachment":[{"href":"https:\/\/arqueologiai.de\/es\/wp-json\/wp\/v2\/media?parent=591"}],"curies":[{"name":"wp","href":"https:\/\/api.w.org\/{rel}","templated":true}]}}