{"id":75,"date":"2020-11-21T11:46:15","date_gmt":"2020-11-21T10:46:15","guid":{"rendered":"https:\/\/arqueologiai.de\/es\/?page_id=75"},"modified":"2020-11-22T19:28:48","modified_gmt":"2020-11-22T18:28:48","slug":"aviso","status":"publish","type":"page","link":"https:\/\/arqueologiai.de\/es\/aviso\/","title":{"rendered":"Aviso legal"},"content":{"rendered":"<div class='clear'><\/div><div id='sub_menu1'  class='av-submenu-container main_color  avia-builder-el-0  el_before_av_four_fifth  avia-builder-el-first  av-sticky-submenu  container_wrap sidebar_right' style='  z-index:301' ><div class='container av-menu-mobile-disabled '><ul id=\"menu-einenes-hauptmenu-spanisch\" class=\"av-subnav-menu av-submenu-pos-right\"><li id=\"menu-item-63\" class=\"menu-item menu-item-type-custom menu-item-object-custom menu-item-top-level menu-item-top-level-1\"><a href=\"https:\/\/arqueologiai.de\" itemprop=\"url\"><span class=\"avia-bullet\"><\/span><span class=\"avia-menu-text\">Inicio<\/span><span class=\"avia-menu-fx\"><span class=\"avia-arrow-wrap\"><span class=\"avia-arrow\"><\/span><\/span><\/span><\/a><\/li>\n<li id=\"menu-item-65\" class=\"menu-item menu-item-type-post_type menu-item-object-page menu-item-has-children menu-item-top-level menu-item-top-level-2\"><a href=\"https:\/\/arqueologiai.de\/es\/dzk\/\" itemprop=\"url\"><span class=\"avia-bullet\"><\/span><span class=\"avia-menu-text\">Dzehkabt\u00fan<\/span><span class=\"avia-menu-fx\"><span class=\"avia-arrow-wrap\"><span class=\"avia-arrow\"><\/span><\/span><\/span><\/a>\n\n\n<ul class=\"sub-menu\">\n\t<li id=\"menu-item-551\" class=\"menu-item menu-item-type-post_type menu-item-object-page\"><a href=\"https:\/\/arqueologiai.de\/es\/dzk\/\" itemprop=\"url\"><span class=\"avia-bullet\"><\/span><span class=\"avia-menu-text\">El sitio<\/span><\/a><\/li>\n\t<li id=\"menu-item-548\" class=\"menu-item menu-item-type-post_type menu-item-object-page\"><a href=\"https:\/\/arqueologiai.de\/es\/dzk-investig\/\" itemprop=\"url\"><span class=\"avia-bullet\"><\/span><span class=\"avia-menu-text\">Investigaci\u00f3n<\/span><\/a><\/li>\n\t<li id=\"menu-item-550\" class=\"menu-item menu-item-type-post_type menu-item-object-page\"><a href=\"https:\/\/arqueologiai.de\/es\/dzk-publ\/\" itemprop=\"url\"><span class=\"avia-bullet\"><\/span><span class=\"avia-menu-text\">Publicaciones<\/span><\/a><\/li>\n\t<li id=\"menu-item-549\" class=\"menu-item menu-item-type-post_type menu-item-object-page\"><a href=\"https:\/\/arqueologiai.de\/es\/dzk-spgalerie\/\" itemprop=\"url\"><span class=\"avia-bullet\"><\/span><span class=\"avia-menu-text\">Galer\u00eda de Fotos<\/span><\/a><\/li>\n<\/ul>\n<\/li>\n<li id=\"menu-item-422\" class=\"menu-item menu-item-type-post_type menu-item-object-page menu-item-has-children menu-item-top-level menu-item-top-level-3\"><a href=\"https:\/\/arqueologiai.de\/es\/srx\/\" itemprop=\"url\"><span class=\"avia-bullet\"><\/span><span class=\"avia-menu-text\">Santa Rosa Xtampak<\/span><span class=\"avia-menu-fx\"><span class=\"avia-arrow-wrap\"><span class=\"avia-arrow\"><\/span><\/span><\/span><\/a>\n\n\n<ul class=\"sub-menu\">\n\t<li id=\"menu-item-552\" class=\"menu-item menu-item-type-post_type menu-item-object-page\"><a href=\"https:\/\/arqueologiai.de\/es\/srx\/\" itemprop=\"url\"><span class=\"avia-bullet\"><\/span><span class=\"avia-menu-text\">El sitio<\/span><\/a><\/li>\n\t<li id=\"menu-item-568\" class=\"menu-item menu-item-type-post_type menu-item-object-page\"><a href=\"https:\/\/arqueologiai.de\/es\/srx-investig\/\" itemprop=\"url\"><span class=\"avia-bullet\"><\/span><span class=\"avia-menu-text\">Investigaci\u00f3n<\/span><\/a><\/li>\n\t<li id=\"menu-item-600\" class=\"menu-item menu-item-type-post_type menu-item-object-page\"><a href=\"https:\/\/arqueologiai.de\/es\/srx-publ\/\" itemprop=\"url\"><span class=\"avia-bullet\"><\/span><span class=\"avia-menu-text\">Publicaciones<\/span><\/a><\/li>\n<\/ul>\n<\/li>\n<li id=\"menu-item-64\" class=\"menu-item menu-item-type-post_type menu-item-object-page menu-item-top-level menu-item-top-level-4\"><a href=\"https:\/\/arqueologiai.de\/es\/privacidad\/\" itemprop=\"url\"><span class=\"avia-bullet\"><\/span><span class=\"avia-menu-text\">Privacidad<\/span><span class=\"avia-menu-fx\"><span class=\"avia-arrow-wrap\"><span class=\"avia-arrow\"><\/span><\/span><\/span><\/a><\/li>\n<li id=\"menu-item-78\" class=\"menu-item menu-item-type-post_type menu-item-object-page menu-item-top-level menu-item-top-level-5\"><a href=\"https:\/\/arqueologiai.de\/es\/aviso\/\" itemprop=\"url\"><span class=\"avia-bullet\"><\/span><span class=\"avia-menu-text\">Aviso legal<\/span><span class=\"avia-menu-fx\"><span class=\"avia-arrow-wrap\"><span class=\"avia-arrow\"><\/span><\/span><\/span><\/a><\/li>\n<\/ul><\/div><\/div><div class='sticky_placeholder'><\/div><div id='after_submenu'  class='main_color av_default_container_wrap container_wrap sidebar_right' style=' '  ><div class='container' ><div class='template-page content  av-content-small alpha units'><div class='post-entry post-entry-type-page post-entry-75'><div class='entry-content-wrapper clearfix'>\n<div class=\"flex_column av_four_fifth  flex_column_div av-zero-column-padding first  avia-builder-el-1  el_after_av_submenu  avia-builder-el-no-sibling  \" style='border-radius:0px; '><section class=\"av_textblock_section \"  itemscope=\"itemscope\" itemtype=\"https:\/\/schema.org\/CreativeWork\" ><div class='avia_textblock  '   itemprop=\"text\" ><table border=\"0\" cellpadding=\"5\">\n<tbody>\n<tr>\n<td><b>IMPRESSUM<\/b><\/td>\n<td>Instituto Ibero-Americano &#8211; SPK<\/td>\n<\/tr>\n<tr>\n<td valign=\"top\"><b>responsable para esta<br \/>\np\u00e1gina de web<\/b><\/td>\n<td>Iken Paap<br \/>\nIbero-Amerikanisches Institut, SPK<br \/>\nPotsdamer Str. 37<br \/>\nD-10785 Berlin<\/td>\n<\/tr>\n<tr>\n<td valign=\"top\"><b>contacto<\/b><\/td>\n<td>Tel.: +49 30 266453202<br \/>\nFax: +49 30 266351550<br \/>\np\u00e1gina web: http:\/\/www.iai.spk-berlin.de\/<br \/>\n<a href=\"mailto:paap@iai.spk-berlin.de\">paap@iai.spk-berlin.de<\/a><\/td>\n<\/tr>\n<tr>\n<td valign=\"top\"><b>editor<\/b><\/td>\n<td>Ibero-Amerikanisches Institut, Stiftung Preu\u00dfischer Kulturbesitz<br \/>\nPotsdamer Str. 37, D-10785 Berlin<\/td>\n<\/tr>\n<\/tbody>\n<\/table>\n<h4>Haftungsausschluss (en Alem\u00e1n)<\/h4>\n<p><small><small>Quelle: eRecht24.de &#8211; Internetrecht von<\/small><\/small> <small><small><a href=\"http:\/\/dzk-online.de\/www.eRecht24.de\">Rechtsanwalt S\u00f6ren Siebert<\/a><\/small><\/small><\/p>\n<p><b>Haftung f\u00fcr Inhalte:<\/b><br \/>\nDie Inhalte unserer Seiten wurden mit gr\u00f6\u00dfter Sorgfalt erstellt. F\u00fcr die Richtigkeit, Vollst\u00e4ndigkeit und Aktualit\u00e4t der Inhalte k\u00f6nnen wir jedoch keine Gew\u00e4hr \u00fcbernehmen. Als Diensteanbieter sind wir gem\u00e4\u00df \u00a7 7 Abs.1 TMG f\u00fcr eigene Inhalte auf diesen Seiten nach den allgemeinen Gesetzen verantwortlich. Nach \u00a7\u00a7 8 bis 10 TMG sind wir als Diensteanbieter jedoch nicht verpflichtet, \u00fcbermittelte oder gespeicherte fremde Informationen zu \u00fcberwachen oder nach Umst\u00e4nden zu forschen, die auf eine rechtswidrige T\u00e4tigkeit hinweisen. Verpflichtungen zur Entfernung oder Sperrung der Nutzung von Informationen nach den allgemeinen Gesetzen bleiben hiervon unber\u00fchrt.<br \/>\nEine diesbez\u00fcgliche Haftung ist jedoch erst ab dem Zeitpunkt der Kenntnis einer konkreten Rechtsverletzung m\u00f6glich. Bei bekannt werden von entsprechenden Rechtsverletzungen werden wir diese Inhalte umgehend entfernen.<\/p>\n<p><b>Haftung f\u00fcr Links:<\/b><br \/>\nUnser Angebot enth\u00e4lt Links zu externen Webseiten Dritter, auf deren Inhalte wir keinen Einfluss haben.<br \/>\nDeshalb k\u00f6nnen wir f\u00fcr diese fremden Inhalte auch keine Gew\u00e4hr \u00fcbernehmen.<br \/>\nF\u00fcr die Inhalte der verlinkten Seiten ist stets der jeweilige Anbieter oder Betreiber der Seiten verantwortlich.<br \/>\nDie verlinkten Seiten wurden zum Zeitpunkt der Verlinkung auf m\u00f6gliche Rechtsverst\u00f6\u00dfe \u00fcberpr\u00fcft. Rechtswidrige Inhalte waren zum Zeitpunkt der Verlinkung nicht erkennbar. Eine permanente inhaltliche Kontrolle der verlinkten Seiten ist jedoch ohne konkrete Anhaltspunkte einer Rechtsverletzung nicht zumutbar.<br \/>\nBei bekannt werden von Rechtsverletzungen werden wir derartige Links umgehend entfernen.<\/p>\n<p><b>Urheberrecht:<\/b><br \/>\nDie durch die Seitenbetreiber erstellten Inhalte und Werke auf diesen Seiten unterliegen dem deutschen Urheberrecht. Beitr\u00e4ge Dritter sind als solche gekennzeichnet.<br \/>\nDie Vervielf\u00e4ltigung, Bearbeitung, Verbreitung und jede Art der Verwertung au\u00dferhalb der Grenzen des Urheberrechtes bed\u00fcrfen der schriftlichen Zustimmung des jeweiligen Autors bzw. Erstellers.<br \/>\nDownloads und Kopien dieser Seite sind nur f\u00fcr den privaten, nicht kommerziellen Gebrauch gestattet.<\/p>\n<p>Die Betreiber der Seiten sind bem\u00fcht, stets die Urheberrechte anderer zu beachten bzw. auf selbst erstellte sowie lizenzfreie Werke zur\u00fcckzugreifen.<\/p>\n<p><b>Datenschutz:<\/b><br \/>\nSoweit auf unseren Seiten personenbezogene Daten (beispielsweise Name, Anschrift oder eMail-Adressen) erhoben werden, erfolgt dies soweit m\u00f6glich stets auf freiwilliger Basis.<br \/>\nWir weisen darauf hin, dass die Daten\u00fcbertragung im Internet (z.B. bei der Kommunikation per E-Mail) Sicherheitsl\u00fccken aufweisen kann. Ein l\u00fcckenloser Schutz der Daten vor dem Zugriff durch Dritte ist nicht m\u00f6glich.<br \/>\nDer Nutzung von im Rahmen der Impressumspflicht ver\u00f6ffentlichten Kontaktdaten durch Dritte zur \u00dcbersendung von nicht ausdr\u00fccklich angeforderter Werbung und Informationsmaterialien wird hiermit ausdr\u00fccklich widersprochen.<br \/>\nDie Betreiber der Seiten behalten sich ausdr\u00fccklich rechtliche Schritte im Falle der unverlangten Zusendung von Werbeinformationen, etwa durch Spam-Mails, vor.<\/p>\n<p>&#8230;&#8230;&#8230;&#8230;&#8230;&#8230;&#8230;&#8230;&#8230;&#8230;&#8230;&#8230;&#8230;&#8230;&#8230;&#8230;&#8230;&#8230;&#8230;&#8230;<\/p>\n<p><b>Validez jur\u00eddica de esta exenci\u00f3n de responsabilidad<\/b><br \/>\nEsta exenci\u00f3n de responsabilidad debe considerarse como parte \u00edntegra de la oferta presentada en esta p\u00e1gina de internet desde la que se remite a esta p\u00e1gina. En el caso de que partes o formulaciones individuales de este texto no se correspondan, dejen de corresponderse o no se correspondan totalmente con la situaci\u00f3n jur\u00eddica en vigor, el documento restante no se ver\u00e1 afectado en su contenido y validez. La versi\u00f3n jur\u00eddicamente vinculante del Aviso legal es la alemana.<\/p>\n<p><b>Aviso jur\u00eddico acerca de los derechos de autor<\/b><br \/>\nEl layout de esta p\u00e1gina de internet, los gr\u00e1ficos utilizados, as\u00ed como los dem\u00e1s contenidos en ella est\u00e1n sujetos a la protecci\u00f3n de la propiedad intelectual.<\/p>\n<\/div><\/section><\/div>\n","protected":false},"excerpt":{"rendered":"","protected":false},"author":1,"featured_media":0,"parent":0,"menu_order":0,"comment_status":"closed","ping_status":"closed","template":"","meta":{"footnotes":""},"class_list":["post-75","page","type-page","status-publish","hentry"],"_links":{"self":[{"href":"https:\/\/arqueologiai.de\/es\/wp-json\/wp\/v2\/pages\/75","targetHints":{"allow":["GET"]}}],"collection":[{"href":"https:\/\/arqueologiai.de\/es\/wp-json\/wp\/v2\/pages"}],"about":[{"href":"https:\/\/arqueologiai.de\/es\/wp-json\/wp\/v2\/types\/page"}],"author":[{"embeddable":true,"href":"https:\/\/arqueologiai.de\/es\/wp-json\/wp\/v2\/users\/1"}],"replies":[{"embeddable":true,"href":"https:\/\/arqueologiai.de\/es\/wp-json\/wp\/v2\/comments?post=75"}],"version-history":[{"count":4,"href":"https:\/\/arqueologiai.de\/es\/wp-json\/wp\/v2\/pages\/75\/revisions"}],"predecessor-version":[{"id":696,"href":"https:\/\/arqueologiai.de\/es\/wp-json\/wp\/v2\/pages\/75\/revisions\/696"}],"wp:attachment":[{"href":"https:\/\/arqueologiai.de\/es\/wp-json\/wp\/v2\/media?parent=75"}],"curies":[{"name":"wp","href":"https:\/\/api.w.org\/{rel}","templated":true}]}}