{"id":750,"date":"2023-07-18T23:06:40","date_gmt":"2023-07-18T21:06:40","guid":{"rendered":"https:\/\/arqueologiai.de\/es\/?page_id=750"},"modified":"2023-07-19T22:14:06","modified_gmt":"2023-07-19T20:14:06","slug":"edzna","status":"publish","type":"page","link":"https:\/\/arqueologiai.de\/es\/edzna\/","title":{"rendered":"Edzn\u00e1"},"content":{"rendered":"<div id='full_slider_1'  class='avia-fullwidth-slider main_color avia-shadow   avia-builder-el-0  el_before_av_hr  avia-builder-el-first   container_wrap sidebar_right' style=' '  ><div   data-size='no scaling'  data-lightbox_size='large'  data-animation='slide'  data-conditional_play=''  data-ids='751'  data-video_counter='0'  data-autoplay='false'  data-bg_slider='false'  data-slide_height=''  data-handle='av_slideshow_full'  data-interval='5'  data-class=' '  data-el_id=''  data-css_id=''  data-scroll_down=''  data-control_layout='av-control-default'  data-custom_markup=''  data-perma_caption=''  data-autoplay_stopper=''  data-image_attachment=''  data-min_height='0px'  data-lazy_loading='disabled'  data-src=''  data-position='top left'  data-repeat='no-repeat'  data-attach='scroll'  data-stretch=''  class='avia-slideshow avia-slideshow-1  av-control-default av-default-height-applied avia-slideshow-no scaling av_slideshow_full   avia-slide-slider '  itemprop=\"image\" itemscope=\"itemscope\" itemtype=\"https:\/\/schema.org\/ImageObject\" ><ul class='avia-slideshow-inner ' style='padding-bottom: 20%;' ><li  class=' av-single-slide slide-1 ' ><div data-rel='slideshow-1' class='avia-slide-wrap '   ><img decoding=\"async\" class=\"wp-image-751 avia-img-lazy-loading-not-751\"  src=\"https:\/\/arqueologiai.de\/es\/wp-content\/uploads\/sites\/2\/2023\/07\/edz-header2.jpg\" width=\"1000\" height=\"200\" title='edz-header2' alt=''  itemprop=\"thumbnailUrl\" srcset=\"https:\/\/arqueologiai.de\/es\/wp-content\/uploads\/sites\/2\/2023\/07\/edz-header2.jpg 1000w, https:\/\/arqueologiai.de\/es\/wp-content\/uploads\/sites\/2\/2023\/07\/edz-header2-300x60.jpg 300w, https:\/\/arqueologiai.de\/es\/wp-content\/uploads\/sites\/2\/2023\/07\/edz-header2-768x154.jpg 768w, https:\/\/arqueologiai.de\/es\/wp-content\/uploads\/sites\/2\/2023\/07\/edz-header2-705x141.jpg 705w\" sizes=\"(max-width: 1000px) 100vw, 1000px\" \/><\/div><\/li><\/ul><\/div><\/div><div id='after_full_slider_1'  class='main_color av_default_container_wrap container_wrap sidebar_right' style=' '  ><div class='container' ><div class='template-page content  av-content-small alpha units'><div class='post-entry post-entry-type-page post-entry-750'><div class='entry-content-wrapper clearfix'>\n<div  style='height:1px; margin-top:-30px'  class='hr hr-invisible   avia-builder-el-1  el_after_av_slideshow_full  el_before_av_three_fourth  avia-builder-el-first '><span class='hr-inner ' ><span class='hr-inner-style'><\/span><\/span><\/div>\n<div class=\"flex_column av_three_fourth  flex_column_div av-zero-column-padding first  avia-builder-el-2  el_after_av_hr  el_before_av_one_fourth  \" style='border-radius:0px; '><\/div>\n<div class=\"flex_column av_one_fourth  flex_column_div   avia-builder-el-3  el_after_av_three_fourth  el_before_av_one_full  \" style='padding:0px 0px 0px 0px ; border-radius:0px; '><div  class='avia-builder-widget-area clearfix  avia-builder-el-4  avia-builder-el-no-sibling '><a href=\"https:\/\/arqueologiai.de\/es\/edzna\/\" title=\" \/ espa\u00f1ol \" class=\"current_language\" aria-current=\"page\"> \/ espa\u00f1ol <\/a><\/div><\/div>\n<div class=\"flex_column av_one_full  flex_column_div av-zero-column-padding first  avia-builder-el-5  el_after_av_one_fourth  avia-builder-el-last  column-top-margin\" style='border-radius:0px; '><section class=\"av_textblock_section \"  itemscope=\"itemscope\" itemtype=\"https:\/\/schema.org\/CreativeWork\" ><div class='avia_textblock  '   itemprop=\"text\" ><h2>Edzn\u00e1<\/h2>\n<h3>El sitio<\/h3>\n<p><a href=\"https:\/\/arqueologiai.de\/es\/wp-content\/uploads\/sites\/2\/2023\/07\/Karte_Yucatan_EDZ_.jpg\"><img loading=\"lazy\" decoding=\"async\" class=\"alignleft wp-image-776\" src=\"https:\/\/arqueologiai.de\/es\/wp-content\/uploads\/sites\/2\/2023\/07\/Karte_Yucatan_EDZ_-245x300.jpg\" alt=\"\" width=\"141\" height=\"173\" srcset=\"https:\/\/arqueologiai.de\/es\/wp-content\/uploads\/sites\/2\/2023\/07\/Karte_Yucatan_EDZ_-245x300.jpg 245w, https:\/\/arqueologiai.de\/es\/wp-content\/uploads\/sites\/2\/2023\/07\/Karte_Yucatan_EDZ_-841x1030.jpg 841w, https:\/\/arqueologiai.de\/es\/wp-content\/uploads\/sites\/2\/2023\/07\/Karte_Yucatan_EDZ_-768x940.jpg 768w, https:\/\/arqueologiai.de\/es\/wp-content\/uploads\/sites\/2\/2023\/07\/Karte_Yucatan_EDZ_-576x705.jpg 576w, https:\/\/arqueologiai.de\/es\/wp-content\/uploads\/sites\/2\/2023\/07\/Karte_Yucatan_EDZ_.jpg 897w\" sizes=\"auto, (max-width: 141px) 100vw, 141px\" \/><\/a>Las evidencias m\u00e1s tempranas de la ciudad prehisp\u00e1nica datan del 600 a.C. Una peque\u00f1a comunidad agraria sent\u00f3 las bases de un asentamiento que pocos siglos despu\u00e9s comenz\u00f3 a erigir edificios de mamposter\u00eda. La organizaci\u00f3n pol\u00edtica y social, con un fuerte componente religioso, permiti\u00f3 el desarrollo de una sociedad gobernada por un reducido n\u00famero de familias que adujo v\u00ednculos con los ancestros y las deidades.<\/p>\n<p>La ordenada divisi\u00f3n del trabajo llev\u00f3 a construir un eficiente sistema hidr\u00e1ulico que permiti\u00f3 drenar amplios sectores de un valle para luego aprovecharlos habit\u00e1ndolos, as\u00ed como para generar excedentes de producci\u00f3n agr\u00edcola.<\/p>\n<p>La primera arquitectura monumental registrada en Edzn\u00e1 es del estilo Pet\u00e9n, que floreci\u00f3 de manera contempor\u00e1nea en toda la pen\u00ednsula yucateca, Guatemala y Belice. Los gobernantes fueron representados en estelas, tableros y altares, muchas veces incluyendo fechas, nombres y eventos importantes. El sitio tuvo su propio glifo emblema y un top\u00f3nimo para la ciudad. Edzn\u00e1 mantuvo relaciones con Calakmul y Piedras Negras al tiempo que particip\u00f3 en rutas comerciales.<\/p>\n<p>Alrededor de 550 d.C. las construcciones comenzaron a cambiar, apareciendo edificios con mayores espacios interiores y sillares mejor cortados que hoy reconocemos como Puuc. De manera casi contempor\u00e1nea se levantaron inmuebles con rasgos que clasificamos como Chenes. Esas obras fueron complementadas alrededor del a\u00f1o 1000 por edificaciones que evocan Chich\u00e9n Itz\u00e1. Los \u00faltimos siglos de ocupaci\u00f3n vieron crecer sus edificios principales con agregados que reutilizaron materiales de construcciones abandonadas y la ocupaci\u00f3n ces\u00f3 alrededor de 1450 d.C.<br \/>\n(Texto: A. Benavides C.)<\/p>\n<h5><\/h5>\n<hr \/>\n<p><strong>Direcci\u00f3n<br \/>\n<\/strong>Dr. Iken Paap (IAI &#8211; Berl\u00edn)<br \/>\nDr. Antonio Benavides Castillo (INAH Campeche).<\/p>\n<\/div><\/section><\/div>\n","protected":false},"excerpt":{"rendered":"","protected":false},"author":1,"featured_media":0,"parent":0,"menu_order":0,"comment_status":"closed","ping_status":"closed","template":"","meta":{"footnotes":""},"class_list":["post-750","page","type-page","status-publish","hentry"],"_links":{"self":[{"href":"https:\/\/arqueologiai.de\/es\/wp-json\/wp\/v2\/pages\/750","targetHints":{"allow":["GET"]}}],"collection":[{"href":"https:\/\/arqueologiai.de\/es\/wp-json\/wp\/v2\/pages"}],"about":[{"href":"https:\/\/arqueologiai.de\/es\/wp-json\/wp\/v2\/types\/page"}],"author":[{"embeddable":true,"href":"https:\/\/arqueologiai.de\/es\/wp-json\/wp\/v2\/users\/1"}],"replies":[{"embeddable":true,"href":"https:\/\/arqueologiai.de\/es\/wp-json\/wp\/v2\/comments?post=750"}],"version-history":[{"count":6,"href":"https:\/\/arqueologiai.de\/es\/wp-json\/wp\/v2\/pages\/750\/revisions"}],"predecessor-version":[{"id":780,"href":"https:\/\/arqueologiai.de\/es\/wp-json\/wp\/v2\/pages\/750\/revisions\/780"}],"wp:attachment":[{"href":"https:\/\/arqueologiai.de\/es\/wp-json\/wp\/v2\/media?parent=750"}],"curies":[{"name":"wp","href":"https:\/\/api.w.org\/{rel}","templated":true}]}}