{"id":842,"date":"2026-01-24T10:17:54","date_gmt":"2026-01-24T09:17:54","guid":{"rendered":"https:\/\/arqueologiai.de\/es\/?page_id=842"},"modified":"2026-01-24T10:26:39","modified_gmt":"2026-01-24T09:26:39","slug":"dzk-ponencias","status":"publish","type":"page","link":"https:\/\/arqueologiai.de\/es\/dzk-ponencias\/","title":{"rendered":"Dzehkabt\u00fan-ponencias"},"content":{"rendered":"<div id='full_slider_1'  class='avia-fullwidth-slider main_color avia-shadow   avia-builder-el-0  el_before_av_hr  avia-builder-el-first   container_wrap sidebar_right' style=' '  ><div   data-size='no scaling'  data-lightbox_size='large'  data-animation='slide'  data-conditional_play=''  data-ids='439'  data-video_counter='0'  data-autoplay='false'  data-bg_slider='false'  data-slide_height=''  data-handle='av_slideshow_full'  data-interval='5'  data-class=' '  data-el_id=''  data-css_id=''  data-scroll_down=''  data-control_layout='av-control-default'  data-custom_markup=''  data-perma_caption=''  data-autoplay_stopper=''  data-image_attachment=''  data-min_height='0px'  data-lazy_loading='disabled'  data-src=''  data-position='top left'  data-repeat='no-repeat'  data-attach='scroll'  data-stretch=''  class='avia-slideshow avia-slideshow-1  av-control-default av-default-height-applied avia-slideshow-no scaling av_slideshow_full   avia-slide-slider '  itemprop=\"image\" itemscope=\"itemscope\" itemtype=\"https:\/\/schema.org\/ImageObject\" ><ul class='avia-slideshow-inner ' style='padding-bottom: 20%;' ><li  class=' av-single-slide slide-1 ' ><div data-rel='slideshow-1' class='avia-slide-wrap '   ><img decoding=\"async\" class=\"wp-image-439 avia-img-lazy-loading-not-439\"  src=\"https:\/\/arqueologiai.de\/es\/wp-content\/uploads\/sites\/2\/2020\/11\/header4.jpg\" width=\"1000\" height=\"200\" title='header4' alt=''  itemprop=\"thumbnailUrl\" srcset=\"https:\/\/arqueologiai.de\/es\/wp-content\/uploads\/sites\/2\/2020\/11\/header4.jpg 1000w, https:\/\/arqueologiai.de\/es\/wp-content\/uploads\/sites\/2\/2020\/11\/header4-300x60.jpg 300w, https:\/\/arqueologiai.de\/es\/wp-content\/uploads\/sites\/2\/2020\/11\/header4-768x154.jpg 768w, https:\/\/arqueologiai.de\/es\/wp-content\/uploads\/sites\/2\/2020\/11\/header4-705x141.jpg 705w\" sizes=\"(max-width: 1000px) 100vw, 1000px\" \/><\/div><\/li><\/ul><\/div><\/div><div id='after_full_slider_1'  class='main_color av_default_container_wrap container_wrap sidebar_right' style=' '  ><div class='container' ><div class='template-page content  av-content-small alpha units'><div class='post-entry post-entry-type-page post-entry-842'><div class='entry-content-wrapper clearfix'>\n<div  style='height:1px; margin-top:-30px'  class='hr hr-invisible   avia-builder-el-1  el_after_av_slideshow_full  el_before_av_three_fourth  avia-builder-el-first '><span class='hr-inner ' ><span class='hr-inner-style'><\/span><\/span><\/div>\n<div class=\"flex_column av_three_fourth  flex_column_div av-zero-column-padding first  avia-builder-el-2  el_after_av_hr  el_before_av_one_fourth  \" style='border-radius:0px; '><\/div>\n<div class=\"flex_column av_one_fourth  flex_column_div   avia-builder-el-3  el_after_av_three_fourth  el_before_av_one_full  \" style='padding:0px 0px 0px 0px ; border-radius:0px; '><div  class='avia-builder-widget-area clearfix  avia-builder-el-4  avia-builder-el-no-sibling '><a href=\"https:\/\/arqueologiai.de\/es\/dzk-ponencias\/\" title=\" \/ espa\u00f1ol \" class=\"current_language\" aria-current=\"page\"> \/ espa\u00f1ol <\/a><\/div><\/div>\n<div class=\"flex_column av_one_full  flex_column_div av-zero-column-padding first  avia-builder-el-5  el_after_av_one_fourth  el_before_av_one_full  column-top-margin\" style='border-radius:0px; '><section class=\"av_textblock_section \"  itemscope=\"itemscope\" itemtype=\"https:\/\/schema.org\/CreativeWork\" ><div class='avia_textblock  '   itemprop=\"text\" ><h2>Dzehkabt\u00fan<\/h2>\n<h3>Ponencias<\/h3>\n<\/div><\/section><\/div>\n<div class=\"flex_column av_one_full  flex_column_div av-zero-column-padding first  avia-builder-el-7  el_after_av_one_full  el_before_av_hr  column-top-margin\" style='border-radius:0px; '><section class=\"av_textblock_section \"  itemscope=\"itemscope\" itemtype=\"https:\/\/schema.org\/CreativeWork\" ><div class='avia_textblock  '   itemprop=\"text\" ><ul>\n<li>09.12.2022<br \/>\nIken Paap: \u201cTeobert Maler und neuere Forschungen zur klassischen Maya-Kultur auf der Halbinsel Yucat\u00e1n, Mexiko\u201c. Freundeskreis Alte Kulturen, Freiberg, Alemania.<\/li>\n<li>28.06.2023<br \/>\nIken Paap, Antonio Benavides Castillo: &#8220;Vuelos LiDAR en Dzehkabt\u00fan y Santa Rosa Xtampak, Campeche (Mpo. de Hopelch\u00e9n, Campeche): consideraciones metodol\u00f3gicas&#8221;. XII Congreso Internacional de Mayistas, Universidad Nacional Aut\u00f3noma de M\u00e9xico (UNAM), Ciudad de M\u00e9xico, M\u00e9xico.<\/li>\n<li>23.10.2024<br \/>\nIken Paap: &#8220;Teobert Maler (1842-1917) y su visi\u00f3n emp\u00e1tica de M\u00e9xico. Su legado en Berl\u00edn&#8221;. Coloquio Internacional &#8220;Tras la estela de Winckelmann. El Neoclasicismo en Iberoam\u00e9rica, entre la arqueolog\u00eda y el arte&#8221;. Winckelmann-Gesellschaft\/Universidad Nacional Aut\u00f3noma de M\u00e9xico (UNAM), Ciudad de M\u00e9xico, M\u00e9xico.<\/li>\n<li>01.02.2025<br \/>\nIken Paap: &#8220;Die Ostgruppe von Santa Rosa Xtampak, Campeche, Mexiko&#8221;. XXVI Mesoamerikanistik-Tagung, Universit\u00e4t Wien, Austria.<\/li>\n<li>04.09.2025<br \/>\nIken Paap: &#8220;Preguntas y desaf\u00edos sobre la cronolog\u00eda del centro-norte de Campeche, M\u00e9xico&#8221;. V International Symposium The Latest Results of American Studies. Uniwersytet Wroc\u0142awski, Polonia.<\/li>\n<li>24.10.2025<br \/>\nIken Paap: &#8220;Tras las huellas de Teobert Maler: dos proyectos arqueol\u00f3gicos en Campeche, M\u00e9xico. Introdcci\u00f3n a la exposici\u00f3n\u201d. Centro INAH Campeche, M\u00e9xico.<\/li>\n<li>13.11.2025<br \/>\nIken Paap, Iliana Ancona Arag\u00f3n, Antonio Benavides Castillo: &#8220;Reevaluaci\u00f3n de la cronolog\u00eda en el centro-norte de Campeche (M\u00e9xico): preguntas abiertas y retos metodol\u00f3gicos&#8221;. XXXIII Encuentro Internacional Los Investigadores de la Cultura Maya, Universidad Aut\u00f3noma de Campeche (UACAM), M\u00e9xico.<\/li>\n<\/ul>\n<\/div><\/section><\/div><div  style='height:1px; margin-top:-20px'  class='hr hr-invisible   avia-builder-el-9  el_after_av_one_full  avia-builder-el-last '><span class='hr-inner ' ><span class='hr-inner-style'><\/span><\/span><\/div><\/p>\n","protected":false},"excerpt":{"rendered":"","protected":false},"author":1,"featured_media":0,"parent":0,"menu_order":0,"comment_status":"closed","ping_status":"closed","template":"","meta":{"footnotes":""},"class_list":["post-842","page","type-page","status-publish","hentry"],"_links":{"self":[{"href":"https:\/\/arqueologiai.de\/es\/wp-json\/wp\/v2\/pages\/842","targetHints":{"allow":["GET"]}}],"collection":[{"href":"https:\/\/arqueologiai.de\/es\/wp-json\/wp\/v2\/pages"}],"about":[{"href":"https:\/\/arqueologiai.de\/es\/wp-json\/wp\/v2\/types\/page"}],"author":[{"embeddable":true,"href":"https:\/\/arqueologiai.de\/es\/wp-json\/wp\/v2\/users\/1"}],"replies":[{"embeddable":true,"href":"https:\/\/arqueologiai.de\/es\/wp-json\/wp\/v2\/comments?post=842"}],"version-history":[{"count":3,"href":"https:\/\/arqueologiai.de\/es\/wp-json\/wp\/v2\/pages\/842\/revisions"}],"predecessor-version":[{"id":847,"href":"https:\/\/arqueologiai.de\/es\/wp-json\/wp\/v2\/pages\/842\/revisions\/847"}],"wp:attachment":[{"href":"https:\/\/arqueologiai.de\/es\/wp-json\/wp\/v2\/media?parent=842"}],"curies":[{"name":"wp","href":"https:\/\/api.w.org\/{rel}","templated":true}]}}